{"id":1295,"date":"2020-10-13T06:50:05","date_gmt":"2020-10-13T06:50:05","guid":{"rendered":"https:\/\/www.angelsplaza.com\/fethiye\/"},"modified":"2022-09-02T17:59:46","modified_gmt":"2022-09-02T17:59:46","slug":"fethiye","status":"publish","type":"page","link":"https:\/\/www.angelsplaza.com\/en\/fethiye\/","title":{"rendered":"Fethiye"},"content":{"rendered":"\t\t<div data-elementor-type=\"wp-page\" data-elementor-id=\"1295\" class=\"elementor elementor-1295 elementor-380\">\n\t\t\t\t\t\t\t\t\t<section class=\"elementor-section elementor-top-section elementor-element elementor-element-f995004 elementor-section-full_width elementor-section-height-default elementor-section-height-default\" data-id=\"f995004\" data-element_type=\"section\">\n\t\t\t\t\t\t<div class=\"elementor-container elementor-column-gap-default\">\n\t\t\t\t\t<div class=\"elementor-column elementor-col-100 elementor-top-column elementor-element elementor-element-c7b2e84\" data-id=\"c7b2e84\" data-element_type=\"column\">\n\t\t\t<div class=\"elementor-widget-wrap elementor-element-populated\">\n\t\t\t\t\t\t\t\t<div class=\"elementor-element elementor-element-1e24684 elementor-widget elementor-widget-hotera_package_single\" data-id=\"1e24684\" data-element_type=\"widget\" data-widget_type=\"hotera_package_single.default\">\n\t\t\t\t<div class=\"elementor-widget-container\">\n\t\t\t        \n        <!--Package Details Section-->\n        <section class=\"package-details\">\n            <div class=\"circles-two\">\n                <div class=\"c-1\"><\/div>\n                <div class=\"c-2\"><\/div>\n            <\/div>\n            <div class=\"auto-container\">\n                                <div class=\"main-image\">\n                    <span class=\"dotted-pattern dotted-pattern-12\"><\/span>\n                    <span class=\"tri-pattern tri-pattern-9\"><\/span>\n                    <figure class=\"image\"><a href=\"https:\/\/www.angelsplaza.com\/wp-content\/uploads\/2022\/08\/BSVxMcBz2m6sKgjW-636389328776678866.jpg\" class=\"lightbox-image\"><img decoding=\"async\" src=\"https:\/\/www.angelsplaza.com\/wp-content\/uploads\/2022\/08\/BSVxMcBz2m6sKgjW-636389328776678866.jpg\" alt=\"Awesome Image\"><\/a><\/figure>\n                <\/div>\n    \t\t\t                <div class=\"text-content\">\n                    <div class=\"price\">About Fethiye<\/div>\n                    <h2>Fethiye History<\/h2>\n                    <div class=\"text\">\n                        <p>History of Fethiye and Telmessos in Turkey\n\u200bModern Fethiye was known in history to the ancient world as Telmessos and used to be the most important city of the ancient Lycian civilization. Despite the lack of information about its founding, historians agree that the appearance of the city dates back to the 5th century BC.\n\nFollowing the Fethiye history Lycian legend explains the origin of the name Telmessos as, the god Apollo who fell in love with a beautiful girl by the name of Agenor, the youngest daughter of the king of the Phoenix. He transformed into a little dog and he made his way to a shy and timid Princess and eventually won her love. After which, Apollo transformed back and then his son Telmessos was born, whose name translates as \"the land of lights\".\n\nAncient city of Telmessos (Turkey) is located on the border between Lycia and Karya (now territory of Turkey). The city has been widely known as a centre of prophecy and its predictors had a strong influence on the course of Fethiye history. The fact that life in Telmessos was culturally rich in the Hellenistic and Roman periods is confirmed by survived monuments such as stone tombs, Lycian sarcophaguses, the Rhodes fortress and the Roman Theatre.<\/p>\n                        <h4><\/h4>\n                                            <\/div>\n                <\/div>  \n    \n                <div class=\"lower-images\">\n                    <div class=\"row clearfix\">\n                                                <div class=\"image-block col-lg-6 col-md-6 col-sm-12 wow fadeInUp\" data-wow-delay=\"0ms\" data-wow-duration=\"1500ms\">\n                            <figure class=\"image\"><a href=\"https:\/\/www.angelsplaza.com\/wp-content\/uploads\/2022\/08\/kayakoy-fethiye-sokaklar.jpg\" class=\"lightbox-image\"><img decoding=\"async\" src=\"https:\/\/www.angelsplaza.com\/wp-content\/uploads\/2022\/08\/kayakoy-fethiye-sokaklar.jpg\" alt=\"Awesome Image\"><\/a><\/figure>\n                        <\/div>\n                                                                        <div class=\"image-block col-lg-6 col-md-6 col-sm-12 wow fadeInUp\" data-wow-delay=\"300ms\" data-wow-duration=\"1500ms\">\n                            <figure class=\"image\"><a href=\"https:\/\/www.angelsplaza.com\/wp-content\/uploads\/2022\/08\/fethiye_yacht_charter.jpg\" class=\"lightbox-image\"><img decoding=\"async\" src=\"https:\/\/www.angelsplaza.com\/wp-content\/uploads\/2022\/08\/fethiye_yacht_charter.jpg\" alt=\"Awesome Image\"><\/a><\/figure>\n                        <\/div>\n                                            <\/div>\n                <\/div>\n            <\/div>\n        <\/section>\n        \n\t\t\t\t<\/div>\n\t\t\t\t<\/div>\n\t\t\t\t\t<\/div>\n\t\t<\/div>\n\t\t\t\t\t\t\t<\/div>\n\t\t<\/section>\n\t\t\t\t<section class=\"elementor-section elementor-top-section elementor-element elementor-element-c8829a2 elementor-section-full_width elementor-section-height-default elementor-section-height-default\" data-id=\"c8829a2\" data-element_type=\"section\">\n\t\t\t\t\t\t<div class=\"elementor-container elementor-column-gap-default\">\n\t\t\t\t\t<div class=\"elementor-column elementor-col-100 elementor-top-column elementor-element elementor-element-df38ab1\" data-id=\"df38ab1\" data-element_type=\"column\">\n\t\t\t<div class=\"elementor-widget-wrap elementor-element-populated\">\n\t\t\t\t\t\t\t\t<div class=\"elementor-element elementor-element-a3233b3 elementor-widget elementor-widget-hotera_package_single\" data-id=\"a3233b3\" data-element_type=\"widget\" data-widget_type=\"hotera_package_single.default\">\n\t\t\t\t<div class=\"elementor-widget-container\">\n\t\t\t        \n        <!--Package Details Section-->\n        <section class=\"package-details\">\n            <div class=\"circles-two\">\n                <div class=\"c-1\"><\/div>\n                <div class=\"c-2\"><\/div>\n            <\/div>\n            <div class=\"auto-container\">\n                                <div class=\"main-image\">\n                    <span class=\"dotted-pattern dotted-pattern-12\"><\/span>\n                    <span class=\"tri-pattern tri-pattern-9\"><\/span>\n                    <figure class=\"image\"><a href=\"https:\/\/www.angelsplaza.com\/wp-content\/uploads\/2022\/08\/DSC_7534.jpg\" class=\"lightbox-image\"><img decoding=\"async\" src=\"https:\/\/www.angelsplaza.com\/wp-content\/uploads\/2022\/08\/DSC_7534.jpg\" alt=\"Awesome Image\"><\/a><\/figure>\n                <\/div>\n    \t\t\t                <div class=\"text-content\">\n                    <div class=\"price\">Activities<\/div>\n                    <h2>Sights &amp; Attractions - Fethiye<\/h2>\n                    <div class=\"text\">\n                        <p>The authentic feel of Turkish life permiates the whole area , giving a real insight into town life in Turkey.\n\nThe area boasts a good nightlife at the height of the season and now even through the winter months, with many bars and discos.<\/p>\n                        <h4>Yap\u0131labilecek Etkinlikler Listesi:<\/h4>\n                                                <ul>\n                                                        <li>Dinner at the Fish Market<\/li>\n                                                        <li>Visitto Fethiye Museum, TheTomb of Amyntas<\/li>\n                                                        <li>Visitto a Turkish Bath (Hamam)<\/li>\n                                                        <li>Babada\u011f paragliding<\/li>\n                                                        <li>Fethiye Oyuk Tepe Bays ( Help Beach, Samanlik Beach, Aksazlar, Kuleli Bay)<\/li>\n                                                        <li>Boattours in \u00d6l\u00fcdeniz (Butterfly Valley, Kabak Bay, Gemiler Island)<\/li>\n                                                        <li>Boat Tour to 12-Islands (to wards G\u00f6cek)<\/li>\n                                                        <li>Blue Voyage<\/li>\n                                                        <li>Moonlight boat tour<\/li>\n                                                        <li>Diving (around Fethiye Oyuk Tepe Bays)<\/li>\n                                                        <li>Water sports such as windsurfing, rowing, canoing (around \u00c7al\u0131\u015f ya da Belcek\u0131z beaches)<\/li>\n                                                        <li>LycianWalk \u2013Hiking<\/li>\n                                                        <li>Kayak\u00f6y, Butterfly Valley, Kabak Bay, Gemiler Island<\/li>\n                                                        <li>K\u0131drak Beach, Kumburnu Beach, \u00d6l\u00fcdeniz Belcek\u0131z Beach<\/li>\n                                                        <li>Jeep Safari (Sakl\u0131kent, Sakapark, Patara, Kabutaj Beach, ancient city of Tilos)<\/li>\n                                                        <li>\u00c7al\u0131\u015f Beach, Karata\u015f Beach<\/li>\n                                                        <li>G\u00fcnl\u00fckl\u00fc Bay, Katranc\u0131 Bay<\/li>\n                                                        <li>Dalyan boat tour, Iztuzu Beach, Ekincik Village, Sultaniye Hot Springs<\/li>\n                                                        <li>G\u00f6cek, Sar\u0131germe, Akyaka, K\u00f6yce\u011fiz Lake<\/li>\n                                                    <\/ul>\n                                            <\/div>\n                <\/div>  \n    \n                <div class=\"lower-images\">\n                    <div class=\"row clearfix\">\n                                                                    <\/div>\n                <\/div>\n            <\/div>\n        <\/section>\n        \n\t\t\t\t<\/div>\n\t\t\t\t<\/div>\n\t\t\t\t\t<\/div>\n\t\t<\/div>\n\t\t\t\t\t\t\t<\/div>\n\t\t<\/section>\n\t\t\t\t\t\t\t<\/div>\n\t\t","protected":false},"excerpt":{"rendered":"<p>About Fethiye Fethiye History History of Fethiye and Telmessos in Turkey \u200bModern Fethiye was known in history to the ancient world as Telmessos and used to be the most important [&hellip;]<\/p>\n","protected":false},"author":1,"featured_media":0,"parent":0,"menu_order":0,"comment_status":"closed","ping_status":"closed","template":"tpl-default-elementor.php","meta":{"footnotes":""},"class_list":["post-1295","page","type-page","status-publish","hentry"],"_links":{"self":[{"href":"https:\/\/www.angelsplaza.com\/en\/wp-json\/wp\/v2\/pages\/1295","targetHints":{"allow":["GET"]}}],"collection":[{"href":"https:\/\/www.angelsplaza.com\/en\/wp-json\/wp\/v2\/pages"}],"about":[{"href":"https:\/\/www.angelsplaza.com\/en\/wp-json\/wp\/v2\/types\/page"}],"author":[{"embeddable":true,"href":"https:\/\/www.angelsplaza.com\/en\/wp-json\/wp\/v2\/users\/1"}],"replies":[{"embeddable":true,"href":"https:\/\/www.angelsplaza.com\/en\/wp-json\/wp\/v2\/comments?post=1295"}],"version-history":[{"count":0,"href":"https:\/\/www.angelsplaza.com\/en\/wp-json\/wp\/v2\/pages\/1295\/revisions"}],"wp:attachment":[{"href":"https:\/\/www.angelsplaza.com\/en\/wp-json\/wp\/v2\/media?parent=1295"}],"curies":[{"name":"wp","href":"https:\/\/api.w.org\/{rel}","templated":true}]}}